{"id":987,"date":"2023-03-10T16:27:17","date_gmt":"2023-03-10T15:27:17","guid":{"rendered":"https:\/\/dev2.viacommunication.com\/produit\/ecosteamvac-turbo\/"},"modified":"2025-06-27T19:16:08","modified_gmt":"2025-06-27T17:16:08","slug":"ecosteamvac-turbo","status":"publish","type":"product","link":"https:\/\/www.sphynxmedical.com\/en\/product\/ecosteamvac-turbo\/","title":{"rendered":"Powerful vacuum cleaner with water filter &#8211; Ecosteamvac Turbo"},"content":{"rendered":"<div class=\"description\">\n<div class=\"description\">\n<div class=\"description\">\n<div class=\"description\">\n<div class=\"description\">\n<p><strong>IT VACUUM CLEANS AND HYGIENIZES ALL IN ONE GO<\/strong><\/p>\n<div>\n<p>The EcoSteamVac is the most complete home cleaning appliance because:<\/p>\n<\/div>\n<div>\n<ul>\n<li>It is a powerful vacuum cleaner with a water filter for eliminating dust every day<\/li>\n<li>It is an effective steam cleaner for deep cleaning all washable surfaces<\/li>\n<li>It can combine the two functions to remove dirt, clean and dry all at the same time<\/li>\n<li>It can also be transformed into an effective ironing system<\/li>\n<\/ul>\n<\/div>\n<div>It deep cleans, sucks up solids and liquids, dries, filters and purifies the air, all in one go.<\/div>\n<\/div>\n<\/div>\n<\/div>\n<\/div>\n<\/div>\n","protected":false},"excerpt":{"rendered":"<div><\/div>\n<div class=\"addthis_native_toolbox\" data-url=\"https:\/\/www.sphynxmedical.com\/produit\/98\/housse-anti-acariens-texaal-coton-couette-king-86x106.html\" data-title=\"Housse anti-acariens Texaal\u00ae Coton couette King 86X106\" data-description=\"Cette housse anti-acariens Texaal\u00ae Coton de qualit\u00e9 m\u00e9dicale enveloppe totalement votre couette king et ferme gr\u00e2ce \u00e0 une fermeture \u00e0 glissi\u00e8re prot\u00e9g\u00e9e par un large rabat.R\u00e9alis\u00e9e en Texaal\u00ae 100% Coton sans enduction de polyur\u00e9thane (pas de plastification) ni traitement chimique, cette housse Texaal\u00ae Coton b\u00e9n\u00e9ficie d'une r\u00e9sistance \u00e9vaporative tr\u00e8s basse (3,1 m\u00b2.Pa\/W). Plus cette r\u00e9sistance est basse, plus le textile est respirant.Ces caract\u00e9ristiques particuli\u00e8res permettent aux housses Texaal\u00ae Coton de vous offrir un confort identique \u00e0 celui d'un drap de coton haut de gamme tout en formant une barri\u00e8re infranchissable pour les allerg\u00e8nes d\u2019acariens. (+ d'infos)Cette housse anti-acariens Texaal\u00ae Coton peut \u00eatre lav\u00e9e en machine \u00e0 60\u00b0C et s\u00e9ch\u00e9e en s\u00e8che-linge autant de fois qu\u2019un drap de qualit\u00e9. Les tests r\u00e9alis\u00e9s par IBT, un laboratoire ind\u00e9pendant, ont montr\u00e9 une efficacit\u00e9 inchang\u00e9e des housses Texaal\u00ae apr\u00e8s 100 cycles de lavage et s\u00e9chage. (rapport d'\u00e9tude)Certifications et \u00e9tudes:Toutes les housses anti-acariens commercialis\u00e9es par le laboratoire  Protec\u2019Som\u00ae (Texaal\u00ae, Noxaalon\u00ae) sont fabriqu\u00e9es sous la norme ISO13485 (norme de fabrication des dispositifs m\u00e9dicaux) et sont class\u00e9es dispositif m\u00e9dical de classe 1 en Europe.A ce titre, les housses anti-acariens Texaal\u00ae et Noxaalon\u00ae ont un sigle CE v\u00e9rifi\u00e9 par un organisme certificateur ind\u00e9pendant (Dekra) et caract\u00e9ris\u00e9 par l'apposition du num\u00e9ro de ce dernier (0344) sous le sigle CE. Une garantie qui va bien au-del\u00e0 d\u2019une simple auto-d\u00e9claration.Toutes les housses anti-acariens fabriqu\u00e9es par le laboratoire  Protec\u2019Som\u00ae (Texaal\u00ae, Noxaalon\u00ae) sont certifi\u00e9es Oeko-Tex 100 classe 1 qui est la certification la plus exigeante en mati\u00e8re d\u2019\u00e9cologie humaine pour les textiles.Une \u00e9tude ouverte publi\u00e9e au World Allergy Congress 2011 a permis d'observer une diminution moyenne de 60,8 % des sympt\u00f4mes ressentis par les patients qui utilisent une housse anti-acariens Protec\u2019Som\u00ae (Texaal\u00ae ou Noxaalon\u00ae).\">\n<div id=\"atstbx\" class=\"at-share-tbx-element at-share-tbx-native addthis_default_style addthis_20x20_style addthis-smartlayers addthis-animated at4-show\">\n<div class=\"fb-like fb_iframe_widget\" data-layout=\"button_count\" data-show_faces=\"false\" data-share=\"false\" data-action=\"like\" data-width=\"90\" data-height=\"25\" data-font=\"arial\" data-href=\"https:\/\/www.sphynxmedical.com\/produit\/98\/housse-anti-acariens-texaal-coton-couette-king-86x106.html\" data-send=\"false\"><\/div>\n<\/div>\n<\/div>\n","protected":false},"featured_media":828,"comment_status":"closed","ping_status":"closed","template":"","meta":{"site-sidebar-layout":"default","site-content-layout":"default","ast-site-content-layout":"default","site-content-style":"default","site-sidebar-style":"default","ast-global-header-display":"","ast-banner-title-visibility":"","ast-main-header-display":"","ast-hfb-above-header-display":"","ast-hfb-below-header-display":"","ast-hfb-mobile-header-display":"","site-post-title":"","ast-breadcrumbs-content":"","ast-featured-img":"","footer-sml-layout":"","ast-disable-related-posts":"","theme-transparent-header-meta":"default","adv-header-id-meta":"","stick-header-meta":"","header-above-stick-meta":"","header-main-stick-meta":"","header-below-stick-meta":"","astra-migrate-meta-layouts":"default","ast-page-background-enabled":"default","ast-page-background-meta":{"desktop":{"background-color":"var(--ast-global-color-4)","background-image":"","background-repeat":"repeat","background-position":"center center","background-size":"auto","background-attachment":"scroll","background-type":"","background-media":"","overlay-type":"","overlay-color":"","overlay-opacity":"","overlay-gradient":""},"tablet":{"background-color":"","background-image":"","background-repeat":"repeat","background-position":"center center","background-size":"auto","background-attachment":"scroll","background-type":"","background-media":"","overlay-type":"","overlay-color":"","overlay-opacity":"","overlay-gradient":""},"mobile":{"background-color":"","background-image":"","background-repeat":"repeat","background-position":"center center","background-size":"auto","background-attachment":"scroll","background-type":"","background-media":"","overlay-type":"","overlay-color":"","overlay-opacity":"","overlay-gradient":""}},"ast-content-background-meta":{"desktop":{"background-color":"var(--ast-global-color-5)","background-image":"","background-repeat":"repeat","background-position":"center center","background-size":"auto","background-attachment":"scroll","background-type":"","background-media":"","overlay-type":"","overlay-color":"","overlay-opacity":"","overlay-gradient":""},"tablet":{"background-color":"var(--ast-global-color-5)","background-image":"","background-repeat":"repeat","background-position":"center center","background-size":"auto","background-attachment":"scroll","background-type":"","background-media":"","overlay-type":"","overlay-color":"","overlay-opacity":"","overlay-gradient":""},"mobile":{"background-color":"var(--ast-global-color-5)","background-image":"","background-repeat":"repeat","background-position":"center center","background-size":"auto","background-attachment":"scroll","background-type":"","background-media":"","overlay-type":"","overlay-color":"","overlay-opacity":"","overlay-gradient":""}}},"product_brand":[],"product_cat":[83,79],"product_tag":[70],"class_list":{"0":"post-987","1":"product","2":"type-product","3":"status-publish","4":"has-post-thumbnail","6":"product_cat-bed-bugs","7":"product_cat-dust-mite-and-bed-bug-covers","8":"product_tag-polti-en","9":"desktop-align-left","10":"tablet-align-left","11":"mobile-align-left","13":"first","14":"instock","15":"taxable","16":"shipping-taxable","17":"purchasable","18":"product-type-simple"},"yoast_head":"<!-- This site is optimized with the Yoast SEO plugin v26.9 - https:\/\/yoast.com\/product\/yoast-seo-wordpress\/ -->\n<title>Powerful vacuum cleaner with water filter - Ecosteamvac Turbo - Sphynx Medical<\/title>\n<meta name=\"description\" content=\"The Ecosteamvac Turbo is a powerful vacuum cleaner with a water filter that cleans deeply, vacuums up solids and liquids, dries, filters and purifies the air.\" \/>\n<meta name=\"robots\" content=\"index, follow, max-snippet:-1, max-image-preview:large, max-video-preview:-1\" \/>\n<link rel=\"canonical\" href=\"https:\/\/www.sphynxmedical.com\/en\/product\/ecosteamvac-turbo\/\" \/>\n<meta property=\"og:locale\" content=\"en_US\" \/>\n<meta property=\"og:type\" content=\"article\" \/>\n<meta property=\"og:title\" content=\"Powerful vacuum cleaner with water filter - Ecosteamvac Turbo - Sphynx Medical\" \/>\n<meta property=\"og:description\" content=\"The Ecosteamvac Turbo is a powerful vacuum cleaner with a water filter that cleans deeply, vacuums up solids and liquids, dries, filters and purifies the air.\" \/>\n<meta property=\"og:url\" content=\"https:\/\/www.sphynxmedical.com\/en\/product\/ecosteamvac-turbo\/\" \/>\n<meta property=\"og:site_name\" content=\"Sphynx Medical\" \/>\n<meta property=\"article:modified_time\" content=\"2025-06-27T17:16:08+00:00\" \/>\n<meta property=\"og:image\" content=\"https:\/\/www.sphynxmedical.com\/wp-content\/uploads\/2023\/03\/polti-ecosteamvac-turbo-large.jpg\" \/>\n\t<meta property=\"og:image:width\" content=\"470\" \/>\n\t<meta property=\"og:image:height\" content=\"470\" \/>\n\t<meta property=\"og:image:type\" content=\"image\/jpeg\" \/>\n<meta name=\"twitter:card\" content=\"summary_large_image\" \/>\n<script type=\"application\/ld+json\" class=\"yoast-schema-graph\">{\"@context\":\"https:\/\/schema.org\",\"@graph\":[{\"@type\":\"WebPage\",\"@id\":\"https:\/\/www.sphynxmedical.com\/en\/product\/ecosteamvac-turbo\/\",\"url\":\"https:\/\/www.sphynxmedical.com\/en\/product\/ecosteamvac-turbo\/\",\"name\":\"Powerful vacuum cleaner with water filter - Ecosteamvac Turbo - Sphynx Medical\",\"isPartOf\":{\"@id\":\"https:\/\/www.sphynxmedical.com\/en\/#website\"},\"primaryImageOfPage\":{\"@id\":\"https:\/\/www.sphynxmedical.com\/en\/product\/ecosteamvac-turbo\/#primaryimage\"},\"image\":{\"@id\":\"https:\/\/www.sphynxmedical.com\/en\/product\/ecosteamvac-turbo\/#primaryimage\"},\"thumbnailUrl\":\"https:\/\/www.sphynxmedical.com\/wp-content\/uploads\/2023\/03\/polti-ecosteamvac-turbo-large.jpg\",\"datePublished\":\"2023-03-10T15:27:17+00:00\",\"dateModified\":\"2025-06-27T17:16:08+00:00\",\"description\":\"The Ecosteamvac Turbo is a powerful vacuum cleaner with a water filter that cleans deeply, vacuums up solids and liquids, dries, filters and purifies the air.\",\"breadcrumb\":{\"@id\":\"https:\/\/www.sphynxmedical.com\/en\/product\/ecosteamvac-turbo\/#breadcrumb\"},\"inLanguage\":\"en-US\",\"potentialAction\":[{\"@type\":\"ReadAction\",\"target\":[\"https:\/\/www.sphynxmedical.com\/en\/product\/ecosteamvac-turbo\/\"]}]},{\"@type\":\"ImageObject\",\"inLanguage\":\"en-US\",\"@id\":\"https:\/\/www.sphynxmedical.com\/en\/product\/ecosteamvac-turbo\/#primaryimage\",\"url\":\"https:\/\/www.sphynxmedical.com\/wp-content\/uploads\/2023\/03\/polti-ecosteamvac-turbo-large.jpg\",\"contentUrl\":\"https:\/\/www.sphynxmedical.com\/wp-content\/uploads\/2023\/03\/polti-ecosteamvac-turbo-large.jpg\",\"width\":470,\"height\":470},{\"@type\":\"BreadcrumbList\",\"@id\":\"https:\/\/www.sphynxmedical.com\/en\/product\/ecosteamvac-turbo\/#breadcrumb\",\"itemListElement\":[{\"@type\":\"ListItem\",\"position\":1,\"name\":\"Accueil\",\"item\":\"https:\/\/www.sphynxmedical.com\/en\/\"},{\"@type\":\"ListItem\",\"position\":2,\"name\":\"Shop\",\"item\":\"https:\/\/www.sphynxmedical.com\/en\/shop\/\"},{\"@type\":\"ListItem\",\"position\":3,\"name\":\"Powerful vacuum cleaner with water filter &#8211; Ecosteamvac Turbo\"}]},{\"@type\":\"WebSite\",\"@id\":\"https:\/\/www.sphynxmedical.com\/en\/#website\",\"url\":\"https:\/\/www.sphynxmedical.com\/en\/\",\"name\":\"Sphynx Medical\",\"description\":\"\",\"publisher\":{\"@id\":\"https:\/\/www.sphynxmedical.com\/en\/#organization\"},\"potentialAction\":[{\"@type\":\"SearchAction\",\"target\":{\"@type\":\"EntryPoint\",\"urlTemplate\":\"https:\/\/www.sphynxmedical.com\/en\/?s={search_term_string}\"},\"query-input\":{\"@type\":\"PropertyValueSpecification\",\"valueRequired\":true,\"valueName\":\"search_term_string\"}}],\"inLanguage\":\"en-US\"},{\"@type\":\"Organization\",\"@id\":\"https:\/\/www.sphynxmedical.com\/en\/#organization\",\"name\":\"Sphynx Medical\",\"url\":\"https:\/\/www.sphynxmedical.com\/en\/\",\"logo\":{\"@type\":\"ImageObject\",\"inLanguage\":\"en-US\",\"@id\":\"https:\/\/www.sphynxmedical.com\/en\/#\/schema\/logo\/image\/\",\"url\":\"https:\/\/www.sphynxmedical.com\/wp-content\/uploads\/2023\/03\/logo-removebg-preview.png\",\"contentUrl\":\"https:\/\/www.sphynxmedical.com\/wp-content\/uploads\/2023\/03\/logo-removebg-preview.png\",\"width\":176,\"height\":74,\"caption\":\"Sphynx Medical\"},\"image\":{\"@id\":\"https:\/\/www.sphynxmedical.com\/en\/#\/schema\/logo\/image\/\"}}]}<\/script>\n<!-- \/ Yoast SEO plugin. -->","yoast_head_json":{"title":"Powerful vacuum cleaner with water filter - Ecosteamvac Turbo - Sphynx Medical","description":"The Ecosteamvac Turbo is a powerful vacuum cleaner with a water filter that cleans deeply, vacuums up solids and liquids, dries, filters and purifies the air.","robots":{"index":"index","follow":"follow","max-snippet":"max-snippet:-1","max-image-preview":"max-image-preview:large","max-video-preview":"max-video-preview:-1"},"canonical":"https:\/\/www.sphynxmedical.com\/en\/product\/ecosteamvac-turbo\/","og_locale":"en_US","og_type":"article","og_title":"Powerful vacuum cleaner with water filter - Ecosteamvac Turbo - Sphynx Medical","og_description":"The Ecosteamvac Turbo is a powerful vacuum cleaner with a water filter that cleans deeply, vacuums up solids and liquids, dries, filters and purifies the air.","og_url":"https:\/\/www.sphynxmedical.com\/en\/product\/ecosteamvac-turbo\/","og_site_name":"Sphynx Medical","article_modified_time":"2025-06-27T17:16:08+00:00","og_image":[{"width":470,"height":470,"url":"https:\/\/www.sphynxmedical.com\/wp-content\/uploads\/2023\/03\/polti-ecosteamvac-turbo-large.jpg","type":"image\/jpeg"}],"twitter_card":"summary_large_image","schema":{"@context":"https:\/\/schema.org","@graph":[{"@type":"WebPage","@id":"https:\/\/www.sphynxmedical.com\/en\/product\/ecosteamvac-turbo\/","url":"https:\/\/www.sphynxmedical.com\/en\/product\/ecosteamvac-turbo\/","name":"Powerful vacuum cleaner with water filter - Ecosteamvac Turbo - Sphynx Medical","isPartOf":{"@id":"https:\/\/www.sphynxmedical.com\/en\/#website"},"primaryImageOfPage":{"@id":"https:\/\/www.sphynxmedical.com\/en\/product\/ecosteamvac-turbo\/#primaryimage"},"image":{"@id":"https:\/\/www.sphynxmedical.com\/en\/product\/ecosteamvac-turbo\/#primaryimage"},"thumbnailUrl":"https:\/\/www.sphynxmedical.com\/wp-content\/uploads\/2023\/03\/polti-ecosteamvac-turbo-large.jpg","datePublished":"2023-03-10T15:27:17+00:00","dateModified":"2025-06-27T17:16:08+00:00","description":"The Ecosteamvac Turbo is a powerful vacuum cleaner with a water filter that cleans deeply, vacuums up solids and liquids, dries, filters and purifies the air.","breadcrumb":{"@id":"https:\/\/www.sphynxmedical.com\/en\/product\/ecosteamvac-turbo\/#breadcrumb"},"inLanguage":"en-US","potentialAction":[{"@type":"ReadAction","target":["https:\/\/www.sphynxmedical.com\/en\/product\/ecosteamvac-turbo\/"]}]},{"@type":"ImageObject","inLanguage":"en-US","@id":"https:\/\/www.sphynxmedical.com\/en\/product\/ecosteamvac-turbo\/#primaryimage","url":"https:\/\/www.sphynxmedical.com\/wp-content\/uploads\/2023\/03\/polti-ecosteamvac-turbo-large.jpg","contentUrl":"https:\/\/www.sphynxmedical.com\/wp-content\/uploads\/2023\/03\/polti-ecosteamvac-turbo-large.jpg","width":470,"height":470},{"@type":"BreadcrumbList","@id":"https:\/\/www.sphynxmedical.com\/en\/product\/ecosteamvac-turbo\/#breadcrumb","itemListElement":[{"@type":"ListItem","position":1,"name":"Accueil","item":"https:\/\/www.sphynxmedical.com\/en\/"},{"@type":"ListItem","position":2,"name":"Shop","item":"https:\/\/www.sphynxmedical.com\/en\/shop\/"},{"@type":"ListItem","position":3,"name":"Powerful vacuum cleaner with water filter &#8211; Ecosteamvac Turbo"}]},{"@type":"WebSite","@id":"https:\/\/www.sphynxmedical.com\/en\/#website","url":"https:\/\/www.sphynxmedical.com\/en\/","name":"Sphynx Medical","description":"","publisher":{"@id":"https:\/\/www.sphynxmedical.com\/en\/#organization"},"potentialAction":[{"@type":"SearchAction","target":{"@type":"EntryPoint","urlTemplate":"https:\/\/www.sphynxmedical.com\/en\/?s={search_term_string}"},"query-input":{"@type":"PropertyValueSpecification","valueRequired":true,"valueName":"search_term_string"}}],"inLanguage":"en-US"},{"@type":"Organization","@id":"https:\/\/www.sphynxmedical.com\/en\/#organization","name":"Sphynx Medical","url":"https:\/\/www.sphynxmedical.com\/en\/","logo":{"@type":"ImageObject","inLanguage":"en-US","@id":"https:\/\/www.sphynxmedical.com\/en\/#\/schema\/logo\/image\/","url":"https:\/\/www.sphynxmedical.com\/wp-content\/uploads\/2023\/03\/logo-removebg-preview.png","contentUrl":"https:\/\/www.sphynxmedical.com\/wp-content\/uploads\/2023\/03\/logo-removebg-preview.png","width":176,"height":74,"caption":"Sphynx Medical"},"image":{"@id":"https:\/\/www.sphynxmedical.com\/en\/#\/schema\/logo\/image\/"}}]}},"_links":{"self":[{"href":"https:\/\/www.sphynxmedical.com\/en\/wp-json\/wp\/v2\/product\/987","targetHints":{"allow":["GET"]}}],"collection":[{"href":"https:\/\/www.sphynxmedical.com\/en\/wp-json\/wp\/v2\/product"}],"about":[{"href":"https:\/\/www.sphynxmedical.com\/en\/wp-json\/wp\/v2\/types\/product"}],"replies":[{"embeddable":true,"href":"https:\/\/www.sphynxmedical.com\/en\/wp-json\/wp\/v2\/comments?post=987"}],"wp:featuredmedia":[{"embeddable":true,"href":"https:\/\/www.sphynxmedical.com\/en\/wp-json\/wp\/v2\/media\/828"}],"wp:attachment":[{"href":"https:\/\/www.sphynxmedical.com\/en\/wp-json\/wp\/v2\/media?parent=987"}],"wp:term":[{"taxonomy":"product_brand","embeddable":true,"href":"https:\/\/www.sphynxmedical.com\/en\/wp-json\/wp\/v2\/product_brand?post=987"},{"taxonomy":"product_cat","embeddable":true,"href":"https:\/\/www.sphynxmedical.com\/en\/wp-json\/wp\/v2\/product_cat?post=987"},{"taxonomy":"product_tag","embeddable":true,"href":"https:\/\/www.sphynxmedical.com\/en\/wp-json\/wp\/v2\/product_tag?post=987"}],"curies":[{"name":"wp","href":"https:\/\/api.w.org\/{rel}","templated":true}]}}