{"id":1713,"date":"2023-04-26T18:20:45","date_gmt":"2023-04-26T16:20:45","guid":{"rendered":"https:\/\/dev2.viacommunication.com\/produit\/noxaalon-mattress-dust-mite-cover\/"},"modified":"2025-07-07T17:50:13","modified_gmt":"2025-07-07T15:50:13","slug":"housse-anti-acariens-noxaalon-matelas","status":"publish","type":"product","link":"https:\/\/www.sphynxmedical.com\/en\/product\/housse-anti-acariens-noxaalon-matelas\/","title":{"rendered":"Noxaalon\u00ae Mattress dust mite cover"},"content":{"rendered":"<p><strong>This medical quality Noxaalon\u00ae<\/strong> dust mite cover totally encloses your mattress and is closed with a zipper protected by a large flap.<\/p>\n<p>Made in a quality selected and controlled by Protec&#8217;Som\u00ae, a new generation synthetic textile <strong>without polyurethane coating (no lamination) or chemical treatment<\/strong>, this Noxaalon\u00ae cover has a very low <strong>evaporative resistance (2.4 m\u00b2. Pa\/W).<\/strong> The lower this resistance, the more breathable the fabric.<\/p>\n<p>This Noxaalon\u00ae dust mite cover is particularly soft, flexible and silent while <strong>forming an impenetrable barrier for dust mite allergens.<\/strong><\/p>\n<p>This Noxaalon\u00ae dust mite cover can be machine washed at 60\u00b0C and tumble dried. It can be steamed (95\u00b0C) in a hospital environment. <strong>Noxaalon\u00ae dust mite covers may be washed and dried up to 50 cycles<\/strong>.<\/p>\n<p><strong>This cover is guaranteed for 10 years against any manufacturing defect.<\/strong><\/p>\n<p><strong>Certifications and studies:<\/strong> <strong><br \/>\n<\/strong><\/p>\n<p>All dust mite covers sold by the Protec\u2019Som\u00ae laboratory (Texaal\u00ae, Noxaalon\u00ae) <strong>are manufactured under process ISO13485 (medical devices manufacturing standard)<\/strong> and are classified as a medical product class 1 in Europe.<\/p>\n<p>As such, <strong>Texaal\u00ae and Noxaalon\u00ae dust mite covers have a CE mark verified by an independent<\/strong> certification body (Dekra) and characterized by the inclusion of the latter&#8217;s number (0344) beneath the CE mark. A guarantee that goes far beyond a simple self-declaration.<\/p>\n<p>All dust mite covers manufactured by the Protec\u2019Som\u00ae laboratory (Texaal\u00ae, Noxaalon\u00ae) are <strong>certified Oeko-Tex 100 class 1<\/strong> which is the most rigorous certification in terms of human safety for textiles.<\/p>\n<p>An open study published at the 2011 World Allergy Congress observed an <strong>average reduction of 60.8% in the sympt<\/strong><strong>o<\/strong><strong>ms experienced<\/strong> by patients using a Protec&#8217;Som\u00ae dust mite cover (Texaal\u00ae or Noxaalon\u00ae).<\/p>\n","protected":false},"excerpt":{"rendered":"<div class=\"elementor-element elementor-element-29518e8f elementor-widget elementor-widget-woocommerce-product-short-description\" data-id=\"29518e8f\" data-element_type=\"widget\" data-widget_type=\"woocommerce-product-short-description.default\">\n<div class=\"elementor-widget-container\">\n<div class=\"woocommerce-product-details__short-description\">\n<div>This cover is guaranteed for life against any manufacturing defect.<\/div>\n<div class=\"addthis_native_toolbox\" data-url=\"https:\/\/www.sphynxmedical.com\/produit\/98\/housse-anti-acariens-texaal-coton-couette-king-86x106.html\" data-title=\"Housse anti-acariens Texaal\u00ae Coton couette King 86X106\" data-description=\"Cette housse anti-acariens Texaal\u00ae Coton de qualit\u00e9 m\u00e9dicale enveloppe totalement votre couette king et ferme gr\u00e2ce \u00e0 une fermeture \u00e0 glissi\u00e8re prot\u00e9g\u00e9e par un large rabat.R\u00e9alis\u00e9e en Texaal\u00ae 100% Coton sans enduction de polyur\u00e9thane (pas de plastification) ni traitement chimique, cette housse Texaal\u00ae Coton b\u00e9n\u00e9ficie d'une r\u00e9sistance \u00e9vaporative tr\u00e8s basse (3,1 m\u00b2.Pa\/W). Plus cette r\u00e9sistance est basse, plus le textile est respirant.Ces caract\u00e9ristiques particuli\u00e8res permettent aux housses Texaal\u00ae Coton de vous offrir un confort identique \u00e0 celui d'un drap de coton haut de gamme tout en formant une barri\u00e8re infranchissable pour les allerg\u00e8nes d\u2019acariens. (+ d'infos)Cette housse anti-acariens Texaal\u00ae Coton peut \u00eatre lav\u00e9e en machine \u00e0 60\u00b0C et s\u00e9ch\u00e9e en s\u00e8che-linge autant de fois qu\u2019un drap de qualit\u00e9. Les tests r\u00e9alis\u00e9s par IBT, un laboratoire ind\u00e9pendant, ont montr\u00e9 une efficacit\u00e9 inchang\u00e9e des housses Texaal\u00ae apr\u00e8s 100 cycles de lavage et s\u00e9chage. (rapport d'\u00e9tude)Certifications et \u00e9tudes:Toutes les housses anti-acariens commercialis\u00e9es par le laboratoire Protec\u2019Som\u00ae (Texaal\u00ae, Noxaalon\u00ae) sont fabriqu\u00e9es sous la norme ISO13485 (norme de fabrication des dispositifs m\u00e9dicaux) et sont class\u00e9es dispositif m\u00e9dical de classe 1 en Europe.A ce titre, les housses anti-acariens Texaal\u00ae et Noxaalon\u00ae ont un sigle CE v\u00e9rifi\u00e9 par un organisme certificateur ind\u00e9pendant (Dekra) et caract\u00e9ris\u00e9 par l'apposition du num\u00e9ro de ce dernier (0344) sous le sigle CE. Une garantie qui va bien au-del\u00e0 d\u2019une simple auto-d\u00e9claration.Toutes les housses anti-acariens fabriqu\u00e9es par le laboratoire Protec\u2019Som\u00ae (Texaal\u00ae, Noxaalon\u00ae) sont certifi\u00e9es Oeko-Tex 100 classe 1 qui est la certification la plus exigeante en mati\u00e8re d\u2019\u00e9cologie humaine pour les textiles.Une \u00e9tude ouverte publi\u00e9e au World Allergy Congress 2011 a permis d'observer une diminution moyenne de 60,8 % des sympt\u00f4mes ressentis par les patients qui utilisent une housse anti-acariens Protec\u2019Som\u00ae (Texaal\u00ae ou Noxaalon\u00ae).\">\n<div id=\"atstbx\" class=\"at-share-tbx-element at-share-tbx-native addthis_default_style addthis_20x20_style addthis-smartlayers addthis-animated at4-show\">\n<div class=\"fb-like fb_iframe_widget\" data-layout=\"button_count\" data-show_faces=\"false\" data-share=\"false\" data-action=\"like\" data-width=\"90\" data-height=\"25\" data-font=\"arial\" data-href=\"https:\/\/www.sphynxmedical.com\/produit\/98\/housse-anti-acariens-texaal-coton-couette-king-86x106.html\" data-send=\"false\"><\/div>\n<\/div>\n<\/div>\n<\/div>\n<\/div>\n<\/div>\n<div class=\"elementor-element elementor-element-2cb9c07b elementor-product-price-block-yes elementor-widget elementor-widget-woocommerce-product-price\" data-id=\"2cb9c07b\" data-element_type=\"widget\" data-widget_type=\"woocommerce-product-price.default\">\n<div class=\"elementor-widget-container\"><\/div>\n<\/div>\n","protected":false},"featured_media":827,"comment_status":"open","ping_status":"closed","template":"","meta":{"site-sidebar-layout":"default","site-content-layout":"default","ast-site-content-layout":"default","site-content-style":"default","site-sidebar-style":"default","ast-global-header-display":"","ast-banner-title-visibility":"","ast-main-header-display":"","ast-hfb-above-header-display":"","ast-hfb-below-header-display":"","ast-hfb-mobile-header-display":"","site-post-title":"","ast-breadcrumbs-content":"","ast-featured-img":"","footer-sml-layout":"","ast-disable-related-posts":"","theme-transparent-header-meta":"default","adv-header-id-meta":"","stick-header-meta":"","header-above-stick-meta":"","header-main-stick-meta":"","header-below-stick-meta":"","astra-migrate-meta-layouts":"set","ast-page-background-enabled":"default","ast-page-background-meta":{"desktop":{"background-color":"var(--ast-global-color-4)","background-image":"","background-repeat":"repeat","background-position":"center center","background-size":"auto","background-attachment":"scroll","background-type":"","background-media":"","overlay-type":"","overlay-color":"","overlay-opacity":"","overlay-gradient":""},"tablet":{"background-color":"","background-image":"","background-repeat":"repeat","background-position":"center center","background-size":"auto","background-attachment":"scroll","background-type":"","background-media":"","overlay-type":"","overlay-color":"","overlay-opacity":"","overlay-gradient":""},"mobile":{"background-color":"","background-image":"","background-repeat":"repeat","background-position":"center center","background-size":"auto","background-attachment":"scroll","background-type":"","background-media":"","overlay-type":"","overlay-color":"","overlay-opacity":"","overlay-gradient":""}},"ast-content-background-meta":{"desktop":{"background-color":"var(--ast-global-color-5)","background-image":"","background-repeat":"repeat","background-position":"center center","background-size":"auto","background-attachment":"scroll","background-type":"","background-media":"","overlay-type":"","overlay-color":"","overlay-opacity":"","overlay-gradient":""},"tablet":{"background-color":"var(--ast-global-color-5)","background-image":"","background-repeat":"repeat","background-position":"center center","background-size":"auto","background-attachment":"scroll","background-type":"","background-media":"","overlay-type":"","overlay-color":"","overlay-opacity":"","overlay-gradient":""},"mobile":{"background-color":"var(--ast-global-color-5)","background-image":"","background-repeat":"repeat","background-position":"center center","background-size":"auto","background-attachment":"scroll","background-type":"","background-media":"","overlay-type":"","overlay-color":"","overlay-opacity":"","overlay-gradient":""}}},"product_brand":[],"product_cat":[79,81],"product_tag":[72],"class_list":{"0":"post-1713","1":"product","2":"type-product","3":"status-publish","4":"has-post-thumbnail","6":"product_cat-dust-mite-and-bed-bug-covers","7":"product_cat-dust-mite-covers-for-mattresses","8":"product_tag-protecsom-en","9":"desktop-align-left","10":"tablet-align-left","11":"mobile-align-left","13":"first","14":"instock","15":"taxable","16":"shipping-taxable","17":"purchasable","18":"product-type-variable"},"yoast_head":"<!-- This site is optimized with the Yoast SEO plugin v26.9 - https:\/\/yoast.com\/product\/yoast-seo-wordpress\/ -->\n<title>Noxaalon\u00ae Mattress dust mite cover - Sphynx Medical<\/title>\n<meta name=\"description\" content=\"This medical quality Noxaalon\u00ae dust mite cover totally encloses your mattress and is closed with a zipper protected by a large flap.\" \/>\n<meta name=\"robots\" content=\"index, follow, max-snippet:-1, max-image-preview:large, max-video-preview:-1\" \/>\n<link rel=\"canonical\" href=\"https:\/\/www.sphynxmedical.com\/en\/product\/housse-anti-acariens-noxaalon-matelas\/\" \/>\n<meta property=\"og:locale\" content=\"en_US\" \/>\n<meta property=\"og:type\" content=\"article\" \/>\n<meta property=\"og:title\" content=\"Noxaalon\u00ae Mattress dust mite cover - Sphynx Medical\" \/>\n<meta property=\"og:description\" content=\"This medical quality Noxaalon\u00ae dust mite cover totally encloses your mattress and is closed with a zipper protected by a large flap.\" \/>\n<meta property=\"og:url\" content=\"https:\/\/www.sphynxmedical.com\/en\/product\/housse-anti-acariens-noxaalon-matelas\/\" \/>\n<meta property=\"og:site_name\" content=\"Sphynx Medical\" \/>\n<meta property=\"article:modified_time\" content=\"2025-07-07T15:50:13+00:00\" \/>\n<meta property=\"og:image\" content=\"https:\/\/www.sphynxmedical.com\/wp-content\/uploads\/2023\/03\/housse-anti-acariens-noxaalon-large-large.jpg\" \/>\n\t<meta property=\"og:image:width\" content=\"470\" \/>\n\t<meta property=\"og:image:height\" content=\"470\" \/>\n\t<meta property=\"og:image:type\" content=\"image\/jpeg\" \/>\n<meta name=\"twitter:card\" content=\"summary_large_image\" \/>\n<meta name=\"twitter:label1\" content=\"Est. reading time\" \/>\n\t<meta name=\"twitter:data1\" content=\"2 minutes\" \/>\n<script type=\"application\/ld+json\" class=\"yoast-schema-graph\">{\"@context\":\"https:\/\/schema.org\",\"@graph\":[{\"@type\":\"WebPage\",\"@id\":\"https:\/\/www.sphynxmedical.com\/en\/product\/housse-anti-acariens-noxaalon-matelas\/\",\"url\":\"https:\/\/www.sphynxmedical.com\/en\/product\/housse-anti-acariens-noxaalon-matelas\/\",\"name\":\"Noxaalon\u00ae Mattress dust mite cover - Sphynx Medical\",\"isPartOf\":{\"@id\":\"https:\/\/www.sphynxmedical.com\/en\/#website\"},\"primaryImageOfPage\":{\"@id\":\"https:\/\/www.sphynxmedical.com\/en\/product\/housse-anti-acariens-noxaalon-matelas\/#primaryimage\"},\"image\":{\"@id\":\"https:\/\/www.sphynxmedical.com\/en\/product\/housse-anti-acariens-noxaalon-matelas\/#primaryimage\"},\"thumbnailUrl\":\"https:\/\/www.sphynxmedical.com\/wp-content\/uploads\/2023\/03\/housse-anti-acariens-noxaalon-large-large.jpg\",\"datePublished\":\"2023-04-26T16:20:45+00:00\",\"dateModified\":\"2025-07-07T15:50:13+00:00\",\"description\":\"This medical quality Noxaalon\u00ae dust mite cover totally encloses your mattress and is closed with a zipper protected by a large flap.\",\"breadcrumb\":{\"@id\":\"https:\/\/www.sphynxmedical.com\/en\/product\/housse-anti-acariens-noxaalon-matelas\/#breadcrumb\"},\"inLanguage\":\"en-US\",\"potentialAction\":[{\"@type\":\"ReadAction\",\"target\":[\"https:\/\/www.sphynxmedical.com\/en\/product\/housse-anti-acariens-noxaalon-matelas\/\"]}]},{\"@type\":\"ImageObject\",\"inLanguage\":\"en-US\",\"@id\":\"https:\/\/www.sphynxmedical.com\/en\/product\/housse-anti-acariens-noxaalon-matelas\/#primaryimage\",\"url\":\"https:\/\/www.sphynxmedical.com\/wp-content\/uploads\/2023\/03\/housse-anti-acariens-noxaalon-large-large.jpg\",\"contentUrl\":\"https:\/\/www.sphynxmedical.com\/wp-content\/uploads\/2023\/03\/housse-anti-acariens-noxaalon-large-large.jpg\",\"width\":470,\"height\":470},{\"@type\":\"BreadcrumbList\",\"@id\":\"https:\/\/www.sphynxmedical.com\/en\/product\/housse-anti-acariens-noxaalon-matelas\/#breadcrumb\",\"itemListElement\":[{\"@type\":\"ListItem\",\"position\":1,\"name\":\"Accueil\",\"item\":\"https:\/\/www.sphynxmedical.com\/en\/\"},{\"@type\":\"ListItem\",\"position\":2,\"name\":\"Shop\",\"item\":\"https:\/\/www.sphynxmedical.com\/en\/shop\/\"},{\"@type\":\"ListItem\",\"position\":3,\"name\":\"Noxaalon\u00ae Mattress dust mite cover\"}]},{\"@type\":\"WebSite\",\"@id\":\"https:\/\/www.sphynxmedical.com\/en\/#website\",\"url\":\"https:\/\/www.sphynxmedical.com\/en\/\",\"name\":\"Sphynx Medical\",\"description\":\"\",\"publisher\":{\"@id\":\"https:\/\/www.sphynxmedical.com\/en\/#organization\"},\"potentialAction\":[{\"@type\":\"SearchAction\",\"target\":{\"@type\":\"EntryPoint\",\"urlTemplate\":\"https:\/\/www.sphynxmedical.com\/en\/?s={search_term_string}\"},\"query-input\":{\"@type\":\"PropertyValueSpecification\",\"valueRequired\":true,\"valueName\":\"search_term_string\"}}],\"inLanguage\":\"en-US\"},{\"@type\":\"Organization\",\"@id\":\"https:\/\/www.sphynxmedical.com\/en\/#organization\",\"name\":\"Sphynx Medical\",\"url\":\"https:\/\/www.sphynxmedical.com\/en\/\",\"logo\":{\"@type\":\"ImageObject\",\"inLanguage\":\"en-US\",\"@id\":\"https:\/\/www.sphynxmedical.com\/en\/#\/schema\/logo\/image\/\",\"url\":\"https:\/\/www.sphynxmedical.com\/wp-content\/uploads\/2023\/03\/logo-removebg-preview.png\",\"contentUrl\":\"https:\/\/www.sphynxmedical.com\/wp-content\/uploads\/2023\/03\/logo-removebg-preview.png\",\"width\":176,\"height\":74,\"caption\":\"Sphynx Medical\"},\"image\":{\"@id\":\"https:\/\/www.sphynxmedical.com\/en\/#\/schema\/logo\/image\/\"}}]}<\/script>\n<!-- \/ Yoast SEO plugin. -->","yoast_head_json":{"title":"Noxaalon\u00ae Mattress dust mite cover - Sphynx Medical","description":"This medical quality Noxaalon\u00ae dust mite cover totally encloses your mattress and is closed with a zipper protected by a large flap.","robots":{"index":"index","follow":"follow","max-snippet":"max-snippet:-1","max-image-preview":"max-image-preview:large","max-video-preview":"max-video-preview:-1"},"canonical":"https:\/\/www.sphynxmedical.com\/en\/product\/housse-anti-acariens-noxaalon-matelas\/","og_locale":"en_US","og_type":"article","og_title":"Noxaalon\u00ae Mattress dust mite cover - Sphynx Medical","og_description":"This medical quality Noxaalon\u00ae dust mite cover totally encloses your mattress and is closed with a zipper protected by a large flap.","og_url":"https:\/\/www.sphynxmedical.com\/en\/product\/housse-anti-acariens-noxaalon-matelas\/","og_site_name":"Sphynx Medical","article_modified_time":"2025-07-07T15:50:13+00:00","og_image":[{"width":470,"height":470,"url":"https:\/\/www.sphynxmedical.com\/wp-content\/uploads\/2023\/03\/housse-anti-acariens-noxaalon-large-large.jpg","type":"image\/jpeg"}],"twitter_card":"summary_large_image","twitter_misc":{"Est. reading time":"2 minutes"},"schema":{"@context":"https:\/\/schema.org","@graph":[{"@type":"WebPage","@id":"https:\/\/www.sphynxmedical.com\/en\/product\/housse-anti-acariens-noxaalon-matelas\/","url":"https:\/\/www.sphynxmedical.com\/en\/product\/housse-anti-acariens-noxaalon-matelas\/","name":"Noxaalon\u00ae Mattress dust mite cover - Sphynx Medical","isPartOf":{"@id":"https:\/\/www.sphynxmedical.com\/en\/#website"},"primaryImageOfPage":{"@id":"https:\/\/www.sphynxmedical.com\/en\/product\/housse-anti-acariens-noxaalon-matelas\/#primaryimage"},"image":{"@id":"https:\/\/www.sphynxmedical.com\/en\/product\/housse-anti-acariens-noxaalon-matelas\/#primaryimage"},"thumbnailUrl":"https:\/\/www.sphynxmedical.com\/wp-content\/uploads\/2023\/03\/housse-anti-acariens-noxaalon-large-large.jpg","datePublished":"2023-04-26T16:20:45+00:00","dateModified":"2025-07-07T15:50:13+00:00","description":"This medical quality Noxaalon\u00ae dust mite cover totally encloses your mattress and is closed with a zipper protected by a large flap.","breadcrumb":{"@id":"https:\/\/www.sphynxmedical.com\/en\/product\/housse-anti-acariens-noxaalon-matelas\/#breadcrumb"},"inLanguage":"en-US","potentialAction":[{"@type":"ReadAction","target":["https:\/\/www.sphynxmedical.com\/en\/product\/housse-anti-acariens-noxaalon-matelas\/"]}]},{"@type":"ImageObject","inLanguage":"en-US","@id":"https:\/\/www.sphynxmedical.com\/en\/product\/housse-anti-acariens-noxaalon-matelas\/#primaryimage","url":"https:\/\/www.sphynxmedical.com\/wp-content\/uploads\/2023\/03\/housse-anti-acariens-noxaalon-large-large.jpg","contentUrl":"https:\/\/www.sphynxmedical.com\/wp-content\/uploads\/2023\/03\/housse-anti-acariens-noxaalon-large-large.jpg","width":470,"height":470},{"@type":"BreadcrumbList","@id":"https:\/\/www.sphynxmedical.com\/en\/product\/housse-anti-acariens-noxaalon-matelas\/#breadcrumb","itemListElement":[{"@type":"ListItem","position":1,"name":"Accueil","item":"https:\/\/www.sphynxmedical.com\/en\/"},{"@type":"ListItem","position":2,"name":"Shop","item":"https:\/\/www.sphynxmedical.com\/en\/shop\/"},{"@type":"ListItem","position":3,"name":"Noxaalon\u00ae Mattress dust mite cover"}]},{"@type":"WebSite","@id":"https:\/\/www.sphynxmedical.com\/en\/#website","url":"https:\/\/www.sphynxmedical.com\/en\/","name":"Sphynx Medical","description":"","publisher":{"@id":"https:\/\/www.sphynxmedical.com\/en\/#organization"},"potentialAction":[{"@type":"SearchAction","target":{"@type":"EntryPoint","urlTemplate":"https:\/\/www.sphynxmedical.com\/en\/?s={search_term_string}"},"query-input":{"@type":"PropertyValueSpecification","valueRequired":true,"valueName":"search_term_string"}}],"inLanguage":"en-US"},{"@type":"Organization","@id":"https:\/\/www.sphynxmedical.com\/en\/#organization","name":"Sphynx Medical","url":"https:\/\/www.sphynxmedical.com\/en\/","logo":{"@type":"ImageObject","inLanguage":"en-US","@id":"https:\/\/www.sphynxmedical.com\/en\/#\/schema\/logo\/image\/","url":"https:\/\/www.sphynxmedical.com\/wp-content\/uploads\/2023\/03\/logo-removebg-preview.png","contentUrl":"https:\/\/www.sphynxmedical.com\/wp-content\/uploads\/2023\/03\/logo-removebg-preview.png","width":176,"height":74,"caption":"Sphynx Medical"},"image":{"@id":"https:\/\/www.sphynxmedical.com\/en\/#\/schema\/logo\/image\/"}}]}},"_links":{"self":[{"href":"https:\/\/www.sphynxmedical.com\/en\/wp-json\/wp\/v2\/product\/1713","targetHints":{"allow":["GET"]}}],"collection":[{"href":"https:\/\/www.sphynxmedical.com\/en\/wp-json\/wp\/v2\/product"}],"about":[{"href":"https:\/\/www.sphynxmedical.com\/en\/wp-json\/wp\/v2\/types\/product"}],"replies":[{"embeddable":true,"href":"https:\/\/www.sphynxmedical.com\/en\/wp-json\/wp\/v2\/comments?post=1713"}],"wp:featuredmedia":[{"embeddable":true,"href":"https:\/\/www.sphynxmedical.com\/en\/wp-json\/wp\/v2\/media\/827"}],"wp:attachment":[{"href":"https:\/\/www.sphynxmedical.com\/en\/wp-json\/wp\/v2\/media?parent=1713"}],"wp:term":[{"taxonomy":"product_brand","embeddable":true,"href":"https:\/\/www.sphynxmedical.com\/en\/wp-json\/wp\/v2\/product_brand?post=1713"},{"taxonomy":"product_cat","embeddable":true,"href":"https:\/\/www.sphynxmedical.com\/en\/wp-json\/wp\/v2\/product_cat?post=1713"},{"taxonomy":"product_tag","embeddable":true,"href":"https:\/\/www.sphynxmedical.com\/en\/wp-json\/wp\/v2\/product_tag?post=1713"}],"curies":[{"name":"wp","href":"https:\/\/api.w.org\/{rel}","templated":true}]}}